{"id":4463,"date":"2017-03-31T17:57:10","date_gmt":"2017-03-31T08:57:10","guid":{"rendered":"https:\/\/www.nipponkinzoku.co.jp\/?page_id=4463"},"modified":"2025-04-10T14:38:21","modified_gmt":"2025-04-10T05:38:21","slug":"top-page","status":"publish","type":"page","link":"https:\/\/www.nipponkinzoku.co.jp\/","title":{"rendered":"\u30c8\u30c3\u30d7\u30da\u30fc\u30b8\uff08\u7c21\u4f53\u5b57\uff09"},"content":{"rendered":"<style>\r\n  .exhibition{background:#F1F5F9;border:solid 1px #7299C7; padding:2% 5%;  margin-bottom: 30px;    width: 90.02381%;}\r\n  .exhibition h3{text-align:center;color:#7299C7;font-size:31px;  margin-bottom: 20px;\r\n  font-family: '\uff2d\uff33 \uff30\u660e\u671d','MS PMincho','\u30d2\u30e9\u30ae\u30ce\u660e\u671d Pro W3','Hiragino Mincho Pro',serif;line-height:35px;}\r\n  .exhibition dl {\r\n       width: 400px;\r\n      margin: 20px auto;\r\n  }\r\n  .exhibition dd{clear:right;}\r\n  .exhibition dt{float:left;width:120px;}\r\n  .exhibition p.center{text-align:center;margin-top:10px;}\r\n  @media(max-width:568px){\r\n  .exhibition dl {width:100%;}\r\n  .exhibition dt{float:none;width:100%;}\r\n<\/style>\r\n<section class=\"content_wrap\">\r\n\t<div class=\"row\">\r\n\t\t<nav class=\"cotentnavi\">\r\n\t\t\t<ul>\r\n\t\t\t\t<li>\r\n\t\t\t\t\t<a href=\"#news\">\u4fe1\u606f<\/a>\r\n\t\t\t\t<\/li>\r\n\t\t\t\t<li>\r\n\t\t\t\t\t<a href=\"#about\">\u5173\u4e8e<\/a>\r\n\t\t\t\t<\/li>\r\n\t\t\t\t<li>\r\n\t\t\t\t\t<a href=\"#products\">\u4ea7\u54c1<\/a>\r\n\t\t\t\t<\/li>\r\n\t\t\t\t<li>\r\n\t\t\t\t\t<a href=\"#inquiry\">\u6d3d\u8be2<\/a>\r\n\t\t\t\t<\/li>\r\n\t\t\t<\/ul>\r\n\t\t<\/nav>\r\n\t\t<!-- \/.cotentnavi -->\r\n\t<\/div>\r\n\t<!-- \/.row -->\r\n<\/section>\r\n<!--\r\n\r\n<section class=\"content_wrap\" >\r\n<div class=\"row\"> \r\n\r\n<h1 class=\"hdl1\">news<\/h1>\r\n<div class=\"col12 exhibition \"> \r\n\r\n<h3>\u53c2\u5c55\u5fb7\u56fd\u6c49\u8bfa\u5a01\u4e3e\u529e\u7684\u201c\u6c49\u8bfa\u5a01\u5de5\u4e1a\u535a\u89c8\u4f1a\u201d\u544a\u77e5<\/h3>\r\n<p>\u65e5\u672c\u91d1\u5c5e\u682a\u5f0f\u4f1a\u793e\uff0c\u5c06\u4e8e2018\u5e744\u670823\u65e5\uff08\u4e00\uff09~27\u65e5\uff08\u4e94\uff09\u53c2\u5c55\u5fb7\u56fd\u6c49\u8bfa\u5a01\u4e3e\u529e\u7684\u201c\u6c49\u8bfa\u5a01\u5de5\u4e1a\u535a\u89c8\u4f1a\u201d\u3002\u5c55\u793a\uff0c\u4f7f\u7528\u72ec\u521b\u7684\u5965\u6c0f\u4f53\u5236\u6210\u7684\u7cbe\u5bc6\u7ba1\u201c\u9ad8\u5f3a\u5ea6\u7cbe\u5bc6\u7ba1\u201d\uff08\u9002\u7528\u4e8e\u6c7d\u8f66\u3001\u6d4b\u91cf\u4eea\u8868\u3001\u751f\u4ea7\u8bbe\u5907\u7b49\u76f8\u5173\u9886\u57df\uff09\u3002<\/p>\r\n<dl>\r\n<dt>\u5c55\u4f1a\u540d\u79f0<\/dt>\r\n<dd>\u6c49\u8bfa\u5a01\u5de5\u4e1a\u535a\u89c8\u4f1a<\/dd>\r\n<dt>\u65e5\u671f<\/dt>\r\n<dd>2018\u5e744\u670823\u65e5\uff08\u4e00\uff09~27\u65e5\uff08\u4e94\uff09<\/dd>\r\n<dt>\u5f00\u5c55\u65f6\u95f4<\/dt>\r\n<dd>9:00-18:00<\/dd>\r\n<dt>\u5730\u70b9<\/dt>\r\n<dd>Hannover Exhibition Grounds\uff08\u5fb7\u56fd\u6c49\u8bfa\u5a01\uff09<\/dd>\r\n<dt>\u5c55\u4f4d<\/dt>\r\n<dd>Hall 005, Stand G08<\/dd>\r\n<\/dl>\r\n<\/div>\r\n<\/div>\r\n<\/section>\r\n\r\n-->\r\n<!-- \/.content_wrap -->\r\n<section class=\"content_wrap\" id=\"news\" >\r\n\t<div class=\"row\">\r\n\t\t<h1 class=\"hdl1\">\u4fe1\u606f<\/h1>\r\n\t\t<div class=\"newswrap\" style=\"margin-bottom: 15px;\">\r\n\t\t\t<p class=\"fs18\">\r\n\t\t\t\t<span style=\"font-size: medium;\">2023,4,18<\/span>\r\n\t\t\t<\/p>\r\n\t\t\t<p class=\"fs18\">\u65e5\u672c\u91d1\u5c5e\u300c\u5185\u9762\u9ad8\u7cbe\u5ea6\u300d\u5c0f\u53e3\u5f84\u7ba1\u7684\u91cf\u4ea7\u5316\u516c\u544a<\/p>\r\n\t\t\t<div class=\"inquiry_btn\">\r\n\t\t\t\t<a href=\"\/images\/2023\/04\/230418_nipponkinzoku_news_zh-CN2.pdf\" target=\"_blank\" class=\"btn btn1\" rel=\"noopener noreferrer\">PDF \u4e0b\u8f7d<\/a>\r\n\t\t\t<\/div>\r\n\t\t<\/div>\r\n\t<\/div>\r\n<\/section>\r\n<!-- \/.content_wrap -->\r\n\r\n<section class=\"content_wrap\">\r\n\t<div class=\"row\">\r\n\t\t<div class=\"movieBtn\"><img decoding=\"async\" src=\"\/assets\/images\/2025\/04\/bnr-movie-zh-cn.png\" alt=\"\"><\/div>\r\n\t\t<!-- \/.movieBtn -->\r\n\t<\/div>\r\n<\/section>\r\n<!-- \/.content_wrap -->\r\n\r\n<div class=\"movieModal\">\r\n\t<div class=\"tabWrap\">\r\n\t\t<div class=\"panelList\">\r\n\t\t\t<div class=\"panelList__item is-active\">\r\n\t\t\t\t<div class=\"panel\">\r\n\t\t\t\t\t<video class=\"vid_main1\" poster=\"\/assets\/images\/2025\/04\/movie_poster_corp.png\" src=\"\/assets\/images\/movie\/NK_movie_corp_EN.mp4\" controls loop playsinline><\/video>\r\n\t\t\t\t<\/div>\r\n\t\t\t\t<!-- \/.panel -->\r\n\t\t\t\t<div class=\"close close1\">\u00d7<\/div>\r\n\t\t\t<\/div>\r\n\t\t\t<div class=\"panelList__item\">\r\n\t\t\t\t<div class=\"panel\">\r\n\t\t\t\t\t<video class=\"vid_main2\" poster=\"\/assets\/images\/2025\/04\/movie_poster_itabashi.png\" src=\"\/assets\/images\/movie\/NK_movie_itabashi_EN.mp4\" controls loop playsinline><\/video>\r\n\t\t\t\t<\/div>\r\n\t\t\t\t<!-- \/.panel -->\r\n\t\t\t\t<div class=\"close close2\">\u00d7<\/div>\r\n\t\t\t<\/div>\r\n\t\t\t<div class=\"panelList__item\">\r\n\t\t\t\t<div class=\"panel\">\r\n\t\t\t\t\t<video class=\"vid_main3\" poster=\"\/assets\/images\/2025\/04\/movie_poster_fukushima.png\" src=\"\/assets\/images\/movie\/NK_movie_fukushima_EN.mp4\" controls loop playsinline><\/video>\r\n\t\t\t\t<\/div>\r\n\t\t\t\t<!-- \/.panel -->\r\n\t\t\t\t<div class=\"close close3\">\u00d7<\/div>\r\n\t\t\t<\/div>\r\n\t\t\t<div class=\"panelList__item\">\r\n\t\t\t\t<div class=\"panel\">\r\n\t\t\t\t\t<video class=\"vid_main4\" poster=\"\/assets\/images\/2025\/04\/movie_poster_gifu.png\" src=\"\/assets\/images\/movie\/NK_movie_gifu_EN.mp4\" controls loop playsinline><\/video>\r\n\t\t\t\t<\/div>\r\n\t\t\t\t<!-- \/.panel -->\r\n\t\t\t\t<div class=\"close close4\">\u00d7<\/div>\r\n\t\t\t<\/div>\r\n\t\t<\/div>\r\n\t\t<!-- \/.panelList -->\r\n\t\t<div class=\"tabList\">\r\n\t\t\t<div class=\"tabList__item is-active\">\r\n\t\t\t\t<div class=\"thumb\"><img decoding=\"async\" src=\"\/assets\/images\/2025\/04\/movie-cn1.jpg\" alt=\"\"><\/div>\r\n\t\t\t\t<!-- \/.thumb -->\r\n\t\t\t\t<div class=\"text\">\r\n\t\t\t\t\t<div class=\"title\">NIPPON KINZOKU About Us (English)<\/div>\r\n\t\t\t\t\t<!-- \/.title -->\r\n\t\t\t\t\t<div class=\"date\">5:07min &#8211; 85MB<\/div>\r\n\t\t\t\t\t<!-- \/.date -->\r\n\t\t\t\t<\/div>\r\n\t\t\t\t<!-- \/.text -->\r\n\t\t\t<\/div>\r\n\t\t\t<div class=\"tabList__item\">\r\n\t\t\t\t<div class=\"thumb\"><img decoding=\"async\" src=\"\/assets\/images\/2025\/04\/movie-cn4.jpg\" alt=\"\"><\/div>\r\n\t\t\t\t<!-- \/.thumb -->\r\n\t\t\t\t<div class=\"text\">\r\n\t\t\t\t\t<div class=\"title\">NIPPON KINZOKU Itabashi Plant<\/div>\r\n\t\t\t\t\t<!-- \/.title -->\r\n\t\t\t\t\t<div class=\"date\">7:33min &#8211; 92MB<\/div>\r\n\t\t\t\t\t<!-- \/.date -->\r\n\t\t\t\t<\/div>\r\n\t\t\t\t<!-- \/.text -->\r\n\t\t\t<\/div>\r\n\t\t\t<div class=\"tabList__item\">\r\n\t\t\t\t<div class=\"thumb\"><img decoding=\"async\" src=\"\/assets\/images\/2025\/04\/movie-cn2.jpg\" alt=\"\"><\/div>\r\n\t\t\t\t<!-- \/.thumb -->\r\n\t\t\t\t<div class=\"text\">\r\n\t\t\t\t\t<div class=\"title\">NIPPON KINZOKU Fukushima Plant<\/div>\r\n\t\t\t\t\t<!-- \/.title -->\r\n\t\t\t\t\t<div class=\"date\">3:49min &#8211; 49MB<\/div>\r\n\t\t\t\t\t<!-- \/.date -->\r\n\t\t\t\t<\/div>\r\n\t\t\t\t<!-- \/.text -->\r\n\t\t\t<\/div>\r\n\t\t\t<div class=\"tabList__item\">\r\n\t\t\t\t<div class=\"thumb\"><img decoding=\"async\" src=\"\/assets\/images\/2025\/04\/movie-cn3.jpg\" alt=\"\"><\/div>\r\n\t\t\t\t<!-- \/.thumb -->\r\n\t\t\t\t<div class=\"text\">\r\n\t\t\t\t\t<div class=\"title\">NIPPON KINZOKU Gifu Plant<\/div>\r\n\t\t\t\t\t<!-- \/.title -->\r\n\t\t\t\t\t<div class=\"date\">3:46min &#8211; 37MB<\/div>\r\n\t\t\t\t\t<!-- \/.date -->\r\n\t\t\t\t<\/div>\r\n\t\t\t\t<!-- \/.text -->\r\n\t\t\t<\/div>\r\n\t\t<\/div>\r\n\t<\/div>\r\n\t<!-- \/.tabWrap -->\r\n<\/div>\r\n<!-- \/.movieModal -->\r\n<div class=\"movieOverlay\"><\/div>\r\n<!-- \/.movieOverlay -->\r\n\r\n<section class=\"content_wrap\" id=\"about\">\r\n\t<div class=\"row\">\r\n\t\t<div class=\"col col12 read\">\r\n\t\t\t<h1 class=\"hdl1\">\u5173\u4e8e<\/h1>\r\n\t\t\t<h2 class=\"hdl_read\">\u65e5\u672c\u91d1\u5c5e\u63d0\u4f9b\u56fd\u5185\u5916\u9ad8\u54c1\u8d28\u7684\u4ea7\u54c1<\/h2>\r\n\t\t\t<!-- \/.col12 -->\r\n\t\t\t<p>\u6211\u4eec\u7684\u7406\u5ff5\u662f\u300c\u4e0d\u8d70\u5927\u8c61\u8d70\u7684\u8def(\u4e0d\u4e00\u6627\u5730\u8ffd\u6c42\u9ad8\u9500\u552e\u91cf)\u300d \r\n\t\t\t\t<br \/>\u6211\u4eec\u4e13\u7cbe\u4e8e\u4e0d\u9508\u94a2\u7cbe\u5bc6\u538b\u5ef6\u53ca\u5176\u52a0\u5de5\u54c1\u7684\u4e1a\u52a1\u3001 \r\n\t\t\t\t<br \/>\u529b\u6c42\u6ee1\u8db3\u5ba2\u6237\u7684\u5404\u79cd\u9700\u6c42\u3001\u8c28\u614e\u5730\u751f\u4ea7\u53ca\u4f9b\u5e94\u5ba2\u6237\u6bcf\u4e00\u4e2a\u4ea7\u54c1\u3002 \r\n\t\t\t<\/p>\r\n\t\t\t<p>\u901a\u8fc7\u6211\u4eec\u52aa\u529b\u4e0d\u61c8\u7684\u521b\u65b0\u3001\u8ba9\u5ba2\u6237\u59cb\u7ec8\u90fd\u80fd\u5bf9\u6211\u4eec\u7684\u4ea7\u54c1\u6536\u5230\u610f\u5916\u7684\u60ca\u559c\u3002 \r\n\t\t\t\t<br \/>\u540c\u65f6\u7c4d\u7531\u6211\u4eec\u72ec\u7279\u4e14\u524d\u77bb\u6027\u7684\u521b\u65b0\u6280\u672f\u3001\u4ece\u800c\u9a71\u52a8\u5ba2\u6237\u7684\u521b\u9020\u529b\u3002 \r\n\t\t\t<\/p>\r\n\t\t\t<p>\u901a\u8fc7\u6211\u4eec\u4e0d\u65ad\u5411\u524d\u53d1\u5c55\u7684\u9ad8\u6c34\u5e73\u6280\u672f\u3001\u4e3a\u4e16\u754c\u63d0\u4f9b\u5f15\u4eba\u6ce8\u76ee\u548c\u6709\u5438\u5f15\u529b\u7684\u4ea7\u54c1\u3002<\/p>\r\n\t\t<\/div>\r\n\t\t<!-- \/.col col12 -->\r\n\t\t<div class=\"btn_wrap btn_center\">\r\n\t\t\t<a href=\"\/zh-CN\/corporate\" class=\"btn btn1\">\u516c\u53f8\u7b80\u4ecb<\/a>\r\n\t\t<\/div>\r\n\t\t<!-- \/.btnwrap -->\r\n\t<\/div>\r\n\t<!-- \/.row -->\r\n<\/section>\r\n<!-- \/.content_wrap -->\r\n<section class=\"content_wrap\" id=\"products\">\r\n\t<div class=\"row\">\r\n\t\t<div class=\"col col12\">\r\n\t\t\t<h1 class=\"hdl1\">\u4ea7\u54c1<\/h1>\r\n\t\t\t<h2 class=\"hdl_read\">\u65e5\u672c\u91d1\u5c5e\u63d0\u4f9b\u56fd\u5185\u5916\u5404\u7c7b\u4ea7\u4e1a\u9ad8\u54c1\u8d28\u7684\u4ea7\u54c1<\/h2>\r\n\t\t\t<!-- \/.col12 -->\r\n\t\t<\/div>\r\n\t\t<ul class=\"servicelist cf\">\r\n\t\t\t<li class=\"col3 col sv1 same\">\r\n\t\t\t\t<img decoding=\"async\" src=\"\/assets\/images\/2015\/10\/top_servicelist1.jpg\" alt=\"\" \/>\r\n\t\t\t\t<h2>\u4e0d\u9508\u94a2\u5e2f<\/h2>\r\n\t\t\t\t<p>\u6211\u4eec\u7684\u6280\u672f\u5f00\u53d1\u90e8\u95e8\u3001\u9500\u552e\u90e8\u95e8\u548c \r\n\t\t\t\t\t<br \/>\u5de5\u5382\u65e0\u7f1d\u5730\u5408\u4f5c\u3001\u4ee5\u6ee1\u8db3\u5ba2\u6237\u7684\u8981\u6c42\u3002 \r\n\t\t\t\t<\/p>\r\n\t\t\t\t<ul>\r\n\t\t\t\t\t<li>\u51b7\u8f67\u4e0d\u9508\u94a2\u5e26<\/li>\r\n\t\t\t\t\t<li>\u51b7\u8f67\u7279\u6b8a\u94a2\u5e26<\/li>\r\n\t\t\t\t<\/ul>\r\n\t\t\t<\/li>\r\n\t\t\t<li class=\"col3 col sv2 same\">\r\n\t\t\t\t<img decoding=\"async\" src=\"\/assets\/images\/2015\/10\/top_servicelist2.jpg\" alt=\"\" \/>\r\n\t\t\t\t<h2>\u4e0d\u9508\u94a2\u52a0\u5de5\u54c1<\/h2>\r\n\t\t\t\t<p>\u6211\u4eec\u7684\u4ea7\u54c1\u5df2\u88ab\u5e7f\u6cdb\u5e94\u7528\u4e8e\u7cbe\u5bc6\u52a0\u5de5\u3001 \r\n\t\t\t\t\t<br \/>\u751a\u81f3\u5efa\u7b51\u884c\u4e1a\u7b49\u5404\u9886\u57df\u3002 \r\n\t\t\t\t<\/p>\r\n\t\t\t\t<ul>\r\n\t\t\t\t\t<li>\u7cbe\u5bc6\u578b\u6750\u8f67\u5236\u94a2<\/li>\r\n\t\t\t\t\t<li>\u7cbe\u5bc6\u7ba1<\/li>\r\n\t\t\t\t\t<li>\u8f8a\u6210\u578b<\/li>\r\n\t\t\t\t<\/ul>\r\n\t\t\t<\/li>\r\n\t\t\t<li class=\"col3 col sv3 same\">\r\n\t\t\t\t<img decoding=\"async\" src=\"\/assets\/images\/2015\/10\/top_servicelist3.jpg\" alt=\"\" \/>\r\n\t\t\t\t<h2>\u6781\u8584\u7535\u78c1\u94a2\u5e26\u4ea7\u54c1<\/h2>\r\n\t\t\t\t<p>\u65e5\u672c\u91d1\u5c5e\u662f\u65e5\u672c\u552f\u4e00\u4e00\u5bb6\u751f\u4ea7\u5e76\u9500\u552e\u539a\u5ea6\u5c0f\u4e8e0.1mm\u7684\u6781\u8584\u7535\u78c1\u94a2\u5377\u7684\u516c\u53f8\u3002<\/p>\r\n\t\t\t\t<ul>\r\n\t\t\t\t\t<li>\u6781\u8584\u6676\u7c92\u53d6\u5411\u7535\u78c1\u94a2\u5e26<\/li>\r\n\t\t\t\t\t<li>\u6781\u8584\u975e\u6676\u7c92\u53d6\u5411\u7535\u78c1\u94a2\u5e26<\/li>\r\n\t\t\t\t\t<li>\u7ed5\u7ebf\u94c1\u82af\/\u7535\u6297\u5668\u7b49<\/li>\r\n\t\t\t\t<\/ul>\r\n\t\t\t<\/li>\r\n\t\t\t<li class=\"col3 col sv4 same\">\r\n\t\t\t\t<img decoding=\"async\" src=\"\/assets\/images\/2015\/10\/top_servicelist4.jpg\" alt=\"\" \/>\r\n\t\t\t\t<h2>\u9541\u5408\u91d1<\/h2>\r\n\t\t\t\t<p>\u6211\u4eec\u63d0\u4f9b\u8f7b\u8584\u4e14\u8868\u9762\u7f8e\u89c2\u7684\u9541\u5408\u91d1\u8f67\u5236\u6750\u6599\u3002<\/p>\r\n\t\t\t\t<ul>\r\n\t\t\t\t\t<li>\u9541\u5408\u91d1\u7b94<\/li>\r\n\t\t\t\t<\/ul>\r\n\t\t\t<\/li>\r\n\t\t<\/ul>\r\n\t\t<div class=\"btn_wrap btn_center\">\r\n\t\t\t<a href=\"\/zh-CN\/catalogdownload\" class=\"btn btn1\">\u76ee\u5f55\u4e0b\u8f7d<\/a>\r\n\t\t<\/div>\r\n\t\t<!-- \/.btnwrap -->\r\n\t<\/div>\r\n<\/section>\r\n<section class=\"content_wrap mb0\" id=\"inquiry\">\r\n\t<div class=\"row\">\r\n\t\t<div class=\"col col12 inquiry_wrap\">\r\n\t\t\t<h1 class=\"hdl1\">\u6d3d\u8be2<\/h1>\r\n\t\t\t<p class=\"txc\">\u5982\u6709\u4efb\u4f55\u6d3d\u8be2\u3001\u8bf7\u586b\u5199\u4ee5\u4e0b\u8868\u683c<\/p>\r\n\t\t<\/div>\r\n\t<\/div>\r\n\t<div class=\"btn_wrap inquiry_btn\">\r\n\t\t<a href=\"\/zh-CN\/inquiry\" class=\"btn btn1\">\u6d3d\u8be2\u8868\u683c<\/a>\r\n\t<\/div>\r\n\t<!-- \/.btnwrap -->\r\n<\/section>\r\n<script>\r\n  \/\/ <![CDATA[\r\n  $(function() {\r\n      $('.zh-CN .cotentnavi ul li a').click(function() {\r\n        var speed = 800;\r\n        var winW = $(window).width();\r\n        var speed = 800;\r\n        var href = $(this).attr(\"href\");\r\n        var target = $(href == \"#\" || href == \"\" ? 'html' : href);\r\n        if (winW < 660) {\r\n          var position = target.offset().top - 70;\r\n        } else {\r\n          var position = target.offset().top - 80;\r\n        }\r\n        $('body,html').animate({\r\n          scrollTop: position\r\n        }, speed, 'easeOutQuad');\r\n        return false;\r\n      });\r\n    });\r\n  \/\/ ]]>\r\n<\/script>","protected":false},"excerpt":{"rendered":"\u4fe1\u606f \u5173\u4e8e \u4ea7\u54c1 \u6d3d\u8be2 \u4fe1\u606f 2023,4,18 \u65e5\u672c\u91d1\u5c5e\u300c\u5185\u9762\u9ad8\u7cbe\u5ea6\u300d\u5c0f\u53e3\u5f84\u7ba1\u7684\u91cf\u4ea7\u5316\u516c\u544a PDF \u4e0b\u8f7d \u00d7 \u00d7 \u00d7 \u00d7 NIPPON KINZOKU About Us (English) 5:07min &#038;#8211","protected":false},"author":20,"featured_media":0,"parent":0,"menu_order":56,"comment_status":"closed","ping_status":"closed","template":"page-templates\/top_cn.php","meta":{"_acf_changed":false,"_locale":"zh_CN","_original_post":"2","footnotes":""},"class_list":["post-4463","page","type-page","status-publish","hentry","zh-CN"],"acf":[],"yoast_head":"<!-- This site is optimized with the Yoast SEO plugin v27.3 - https:\/\/yoast.com\/product\/yoast-seo-wordpress\/ -->\n<title>\u65e5\u672c\u91d1\u5c5e<\/title>\n<meta name=\"description\" content=\"\u4fe1\u606f \u5173\u4e8e \u4ea7\u54c1 \u6d3d\u8be2 \u4fe1\u606f 2023,4,18 \u65e5\u672c\u91d1\u5c5e\u300c\u5185\u9762\u9ad8\u7cbe\u5ea6\u300d\u5c0f\u53e3\u5f84\u7ba1\u7684\u91cf\u4ea7\u5316\u516c\u544a PDF \u4e0b\u8f7d \u00d7 \u00d7 \u00d7 \u00d7 NIPPON KINZOKU About Us (English) 5:07min - 85MB NIPPON KINZOKU Itabashi Plant 7:33min -\" \/>\n<meta name=\"robots\" content=\"index, follow, max-snippet:-1, max-image-preview:large, max-video-preview:-1\" \/>\n<link rel=\"canonical\" href=\"https:\/\/www.nipponkinzoku.co.jp\/zh-CN\/\" \/>\n<meta property=\"og:locale\" content=\"zh_CN\" \/>\n<meta property=\"og:type\" content=\"article\" \/>\n<meta property=\"og:title\" content=\"\u65e5\u672c\u91d1\u5c5e\" \/>\n<meta property=\"og:description\" content=\"\u4fe1\u606f \u5173\u4e8e \u4ea7\u54c1 \u6d3d\u8be2 \u4fe1\u606f 2023,4,18 \u65e5\u672c\u91d1\u5c5e\u300c\u5185\u9762\u9ad8\u7cbe\u5ea6\u300d\u5c0f\u53e3\u5f84\u7ba1\u7684\u91cf\u4ea7\u5316\u516c\u544a PDF \u4e0b\u8f7d \u00d7 \u00d7 \u00d7 \u00d7 NIPPON KINZOKU About Us (English) 5:07min - 85MB NIPPON KINZOKU Itabashi Plant 7:33min -\" \/>\n<meta property=\"og:url\" content=\"https:\/\/www.nipponkinzoku.co.jp\/zh-CN\/\" \/>\n<meta property=\"og:site_name\" content=\"\u65e5\u672c\u91d1\u5c5e\u682a\u5f0f\u4f1a\u793e\" \/>\n<meta property=\"article:modified_time\" content=\"2025-04-10T05:38:21+00:00\" \/>\n<meta property=\"og:image\" content=\"https:\/\/www.nipponkinzoku.co.jp\/assets\/images\/2020\/11\/nipponkinzoku_ogp.png\" \/>\n\t<meta property=\"og:image:width\" content=\"1200\" \/>\n\t<meta property=\"og:image:height\" content=\"630\" \/>\n\t<meta property=\"og:image:type\" content=\"image\/png\" \/>\n<meta name=\"twitter:card\" content=\"summary_large_image\" \/>\n<meta name=\"twitter:label1\" content=\"\u9884\u8ba1\u9605\u8bfb\u65f6\u95f4\" \/>\n\t<meta name=\"twitter:data1\" content=\"5 \u5206\" \/>\n<script type=\"application\/ld+json\" class=\"yoast-schema-graph\">{\"@context\":\"https:\\\/\\\/schema.org\",\"@graph\":[{\"@type\":\"WebPage\",\"@id\":\"https:\\\/\\\/www.nipponkinzoku.co.jp\\\/zh-CN\\\/\",\"url\":\"https:\\\/\\\/www.nipponkinzoku.co.jp\\\/zh-CN\\\/\",\"name\":\"\u65e5\u672c\u91d1\u5c5e\",\"isPartOf\":{\"@id\":\"https:\\\/\\\/www.nipponkinzoku.co.jp\\\/#website\"},\"datePublished\":\"2017-03-31T08:57:10+00:00\",\"dateModified\":\"2025-04-10T05:38:21+00:00\",\"description\":\"\u4fe1\u606f \u5173\u4e8e \u4ea7\u54c1 \u6d3d\u8be2 \u4fe1\u606f 2023,4,18 \u65e5\u672c\u91d1\u5c5e\u300c\u5185\u9762\u9ad8\u7cbe\u5ea6\u300d\u5c0f\u53e3\u5f84\u7ba1\u7684\u91cf\u4ea7\u5316\u516c\u544a PDF \u4e0b\u8f7d \u00d7 \u00d7 \u00d7 \u00d7 NIPPON KINZOKU About Us (English) 5:07min - 85MB NIPPON KINZOKU Itabashi Plant 7:33min -\",\"breadcrumb\":{\"@id\":\"https:\\\/\\\/www.nipponkinzoku.co.jp\\\/zh-CN\\\/#breadcrumb\"},\"inLanguage\":\"zh-Hans\",\"potentialAction\":[{\"@type\":\"ReadAction\",\"target\":[\"https:\\\/\\\/www.nipponkinzoku.co.jp\\\/zh-CN\\\/\"]}]},{\"@type\":\"BreadcrumbList\",\"@id\":\"https:\\\/\\\/www.nipponkinzoku.co.jp\\\/zh-CN\\\/#breadcrumb\",\"itemListElement\":[{\"@type\":\"ListItem\",\"position\":1,\"name\":\"TOP\",\"item\":\"https:\\\/\\\/www.nipponkinzoku.co.jp\\\/zh-CN\\\/\"},{\"@type\":\"ListItem\",\"position\":2,\"name\":\"\u30c8\u30c3\u30d7\u30da\u30fc\u30b8\uff08\u7c21\u4f53\u5b57\uff09\"}]},{\"@type\":\"WebSite\",\"@id\":\"https:\\\/\\\/www.nipponkinzoku.co.jp\\\/#website\",\"url\":\"https:\\\/\\\/www.nipponkinzoku.co.jp\\\/\",\"name\":\"\u65e5\u672c\u91d1\u5c5e\u682a\u5f0f\u4f1a\u793e\",\"description\":\"\u30b9\u30c6\u30f3\u30ec\u30b9\u7cbe\u5bc6\u5727\u5ef6\u30fb\u52a0\u5de5\u30e1\u30fc\u30ab\u30fc\",\"publisher\":{\"@id\":\"https:\\\/\\\/www.nipponkinzoku.co.jp\\\/#organization\"},\"potentialAction\":[{\"@type\":\"SearchAction\",\"target\":{\"@type\":\"EntryPoint\",\"urlTemplate\":\"https:\\\/\\\/www.nipponkinzoku.co.jp\\\/?s={search_term_string}\"},\"query-input\":{\"@type\":\"PropertyValueSpecification\",\"valueRequired\":true,\"valueName\":\"search_term_string\"}}],\"inLanguage\":\"zh-Hans\"},{\"@type\":\"Organization\",\"@id\":\"https:\\\/\\\/www.nipponkinzoku.co.jp\\\/#organization\",\"name\":\"\u65e5\u672c\u91d1\u5c5e\u682a\u5f0f\u4f1a\u793e\",\"url\":\"https:\\\/\\\/www.nipponkinzoku.co.jp\\\/\",\"logo\":{\"@type\":\"ImageObject\",\"inLanguage\":\"zh-Hans\",\"@id\":\"https:\\\/\\\/www.nipponkinzoku.co.jp\\\/#\\\/schema\\\/logo\\\/image\\\/\",\"url\":\"https:\\\/\\\/www.nipponkinzoku.co.jp\\\/assets\\\/images\\\/2020\\\/11\\\/nipponkinzoku_ogp.png\",\"contentUrl\":\"https:\\\/\\\/www.nipponkinzoku.co.jp\\\/assets\\\/images\\\/2020\\\/11\\\/nipponkinzoku_ogp.png\",\"width\":1200,\"height\":630,\"caption\":\"\u65e5\u672c\u91d1\u5c5e\u682a\u5f0f\u4f1a\u793e\"},\"image\":{\"@id\":\"https:\\\/\\\/www.nipponkinzoku.co.jp\\\/#\\\/schema\\\/logo\\\/image\\\/\"}}]}<\/script>\n<!-- \/ Yoast SEO plugin. -->","yoast_head_json":{"title":"\u65e5\u672c\u91d1\u5c5e","description":"\u4fe1\u606f \u5173\u4e8e \u4ea7\u54c1 \u6d3d\u8be2 \u4fe1\u606f 2023,4,18 \u65e5\u672c\u91d1\u5c5e\u300c\u5185\u9762\u9ad8\u7cbe\u5ea6\u300d\u5c0f\u53e3\u5f84\u7ba1\u7684\u91cf\u4ea7\u5316\u516c\u544a PDF \u4e0b\u8f7d \u00d7 \u00d7 \u00d7 \u00d7 NIPPON KINZOKU About Us (English) 5:07min - 85MB NIPPON KINZOKU Itabashi Plant 7:33min -","robots":{"index":"index","follow":"follow","max-snippet":"max-snippet:-1","max-image-preview":"max-image-preview:large","max-video-preview":"max-video-preview:-1"},"canonical":"https:\/\/www.nipponkinzoku.co.jp\/zh-CN\/","og_locale":"zh_CN","og_type":"article","og_title":"\u65e5\u672c\u91d1\u5c5e","og_description":"\u4fe1\u606f \u5173\u4e8e \u4ea7\u54c1 \u6d3d\u8be2 \u4fe1\u606f 2023,4,18 \u65e5\u672c\u91d1\u5c5e\u300c\u5185\u9762\u9ad8\u7cbe\u5ea6\u300d\u5c0f\u53e3\u5f84\u7ba1\u7684\u91cf\u4ea7\u5316\u516c\u544a PDF \u4e0b\u8f7d \u00d7 \u00d7 \u00d7 \u00d7 NIPPON KINZOKU About Us (English) 5:07min - 85MB NIPPON KINZOKU Itabashi Plant 7:33min -","og_url":"https:\/\/www.nipponkinzoku.co.jp\/zh-CN\/","og_site_name":"\u65e5\u672c\u91d1\u5c5e\u682a\u5f0f\u4f1a\u793e","article_modified_time":"2025-04-10T05:38:21+00:00","og_image":[{"width":1200,"height":630,"url":"https:\/\/www.nipponkinzoku.co.jp\/assets\/images\/2020\/11\/nipponkinzoku_ogp.png","type":"image\/png"}],"twitter_card":"summary_large_image","twitter_misc":{"\u9884\u8ba1\u9605\u8bfb\u65f6\u95f4":"5 \u5206"},"schema":{"@context":"https:\/\/schema.org","@graph":[{"@type":"WebPage","@id":"https:\/\/www.nipponkinzoku.co.jp\/zh-CN\/","url":"https:\/\/www.nipponkinzoku.co.jp\/zh-CN\/","name":"\u65e5\u672c\u91d1\u5c5e","isPartOf":{"@id":"https:\/\/www.nipponkinzoku.co.jp\/#website"},"datePublished":"2017-03-31T08:57:10+00:00","dateModified":"2025-04-10T05:38:21+00:00","description":"\u4fe1\u606f \u5173\u4e8e \u4ea7\u54c1 \u6d3d\u8be2 \u4fe1\u606f 2023,4,18 \u65e5\u672c\u91d1\u5c5e\u300c\u5185\u9762\u9ad8\u7cbe\u5ea6\u300d\u5c0f\u53e3\u5f84\u7ba1\u7684\u91cf\u4ea7\u5316\u516c\u544a PDF \u4e0b\u8f7d \u00d7 \u00d7 \u00d7 \u00d7 NIPPON KINZOKU About Us (English) 5:07min - 85MB NIPPON KINZOKU Itabashi Plant 7:33min -","breadcrumb":{"@id":"https:\/\/www.nipponkinzoku.co.jp\/zh-CN\/#breadcrumb"},"inLanguage":"zh-Hans","potentialAction":[{"@type":"ReadAction","target":["https:\/\/www.nipponkinzoku.co.jp\/zh-CN\/"]}]},{"@type":"BreadcrumbList","@id":"https:\/\/www.nipponkinzoku.co.jp\/zh-CN\/#breadcrumb","itemListElement":[{"@type":"ListItem","position":1,"name":"TOP","item":"https:\/\/www.nipponkinzoku.co.jp\/zh-CN\/"},{"@type":"ListItem","position":2,"name":"\u30c8\u30c3\u30d7\u30da\u30fc\u30b8\uff08\u7c21\u4f53\u5b57\uff09"}]},{"@type":"WebSite","@id":"https:\/\/www.nipponkinzoku.co.jp\/#website","url":"https:\/\/www.nipponkinzoku.co.jp\/","name":"\u65e5\u672c\u91d1\u5c5e\u682a\u5f0f\u4f1a\u793e","description":"\u30b9\u30c6\u30f3\u30ec\u30b9\u7cbe\u5bc6\u5727\u5ef6\u30fb\u52a0\u5de5\u30e1\u30fc\u30ab\u30fc","publisher":{"@id":"https:\/\/www.nipponkinzoku.co.jp\/#organization"},"potentialAction":[{"@type":"SearchAction","target":{"@type":"EntryPoint","urlTemplate":"https:\/\/www.nipponkinzoku.co.jp\/?s={search_term_string}"},"query-input":{"@type":"PropertyValueSpecification","valueRequired":true,"valueName":"search_term_string"}}],"inLanguage":"zh-Hans"},{"@type":"Organization","@id":"https:\/\/www.nipponkinzoku.co.jp\/#organization","name":"\u65e5\u672c\u91d1\u5c5e\u682a\u5f0f\u4f1a\u793e","url":"https:\/\/www.nipponkinzoku.co.jp\/","logo":{"@type":"ImageObject","inLanguage":"zh-Hans","@id":"https:\/\/www.nipponkinzoku.co.jp\/#\/schema\/logo\/image\/","url":"https:\/\/www.nipponkinzoku.co.jp\/assets\/images\/2020\/11\/nipponkinzoku_ogp.png","contentUrl":"https:\/\/www.nipponkinzoku.co.jp\/assets\/images\/2020\/11\/nipponkinzoku_ogp.png","width":1200,"height":630,"caption":"\u65e5\u672c\u91d1\u5c5e\u682a\u5f0f\u4f1a\u793e"},"image":{"@id":"https:\/\/www.nipponkinzoku.co.jp\/#\/schema\/logo\/image\/"}}]}},"_links":{"self":[{"href":"https:\/\/www.nipponkinzoku.co.jp\/wp-json\/wp\/v2\/pages\/4463","targetHints":{"allow":["GET"]}}],"collection":[{"href":"https:\/\/www.nipponkinzoku.co.jp\/wp-json\/wp\/v2\/pages"}],"about":[{"href":"https:\/\/www.nipponkinzoku.co.jp\/wp-json\/wp\/v2\/types\/page"}],"author":[{"embeddable":true,"href":"https:\/\/www.nipponkinzoku.co.jp\/wp-json\/wp\/v2\/users\/20"}],"replies":[{"embeddable":true,"href":"https:\/\/www.nipponkinzoku.co.jp\/wp-json\/wp\/v2\/comments?post=4463"}],"version-history":[{"count":27,"href":"https:\/\/www.nipponkinzoku.co.jp\/wp-json\/wp\/v2\/pages\/4463\/revisions"}],"predecessor-version":[{"id":22796,"href":"https:\/\/www.nipponkinzoku.co.jp\/wp-json\/wp\/v2\/pages\/4463\/revisions\/22796"}],"wp:attachment":[{"href":"https:\/\/www.nipponkinzoku.co.jp\/wp-json\/wp\/v2\/media?parent=4463"}],"curies":[{"name":"wp","href":"https:\/\/api.w.org\/{rel}","templated":true}]}}