{"id":4465,"date":"2017-03-31T17:56:25","date_gmt":"2017-03-31T08:56:25","guid":{"rendered":"https:\/\/www.nipponkinzoku.co.jp\/?page_id=4465"},"modified":"2025-04-10T14:41:07","modified_gmt":"2025-04-10T05:41:07","slug":"top-page","status":"publish","type":"page","link":"https:\/\/www.nipponkinzoku.co.jp\/","title":{"rendered":"\u30c8\u30c3\u30d7\u30da\u30fc\u30b8\uff08\u7e41\u4f53\u5b57\uff09"},"content":{"rendered":"<style>\r\n.exhibition{background:#F1F5F9;border:solid 1px #7299C7; padding:2% 5%;  margin-bottom: 30px;    width: 90.02381%;}\r\n.exhibition h3{text-align:center;color:#7299C7;font-size:31px;  margin-bottom: 20px;\r\nfont-family: '\uff2d\uff33 \uff30\u660e\u671d','MS PMincho','\u30d2\u30e9\u30ae\u30ce\u660e\u671d Pro W3','Hiragino Mincho Pro',serif;line-height:35px;}\r\n.exhibition dl {\r\n     width: 400px;\r\n    margin: 20px auto;\r\n}\r\n.exhibition dd{clear:right;}\r\n.exhibition dt{float:left;width:120px;}\r\n.exhibition p.center{text-align:center;margin-top:10px;}\r\n@media(max-width:568px){\r\n.exhibition dl {width:100%;}\r\n.exhibition dt{float:none;width:100%;}\r\n<\/style>\r\n<section class=\"content_wrap\">\r\n\t<div class=\"row\">\r\n\t\t<nav class=\"cotentnavi\">\r\n\t\t\t<ul>\r\n\t\t\t\t<li>\r\n\t\t\t\t\t<a href=\"#about\">\u95dc\u65bc<\/a>\r\n\t\t\t\t<\/li>\r\n\t\t\t\t<li>\r\n\t\t\t\t\t<a href=\"#products\">\u7522\u54c1<\/a>\r\n\t\t\t\t<\/li>\r\n\t\t\t\t<li>\r\n\t\t\t\t\t<a href=\"#inquiry\">\u6d3d\u8a62\u8868\u683c<\/a>\r\n\t\t\t\t<\/li>\r\n\t\t\t<\/ul>\r\n\t\t<\/nav>\r\n\t\t<!-- \/.cotentnavi -->\r\n\t<\/div>\r\n\t<!-- \/.row -->\r\n<\/section>\r\n<!--\r\n\r\n<section class=\"content_wrap\" >\r\n<div class=\"row\"> \r\n\r\n<h1 class=\"hdl1\">news<\/h1>\r\n<div class=\"col12 exhibition \"> \r\n\r\n<h3>\u53c3\u5c55\u5fb7\u570b\u6f22\u8afe\u5a01\u8209\u8fa6\u7684\u201c\u6f22\u8afe\u5a01\u5de5\u696d\u535a\u89bd\u6703\u201d\u544a\u77e5<\/h3>\r\n<p>\u65e5\u672c\u91d1\u5c6c\u682a\u5f0f\u6703\u793e\uff0c\u5c07\u65bc2018\u5e744\u670823\u65e5\uff08\u4e00\uff09~27\u65e5\uff08\u4e94\u200b\u200b\uff09\u53c3\u5c55\u5fb7\u570b\u6f22\u8afe\u5a01\u8209\u8fa6\u7684\u201c\u6f22\u8afe\u5a01\u5de5\u696d\u535a\u89bd\u6703\u201d\u3002\u5c55\u793a\uff0c\u4f7f\u7528\u7368\u5275\u7684\u5967\u6c0f\u9ad4\u88fd\u6210\u7684\u7cbe\u5bc6\u7ba1\u201c\u9ad8\u5f37\u5ea6\u7cbe\u5bc6\u7ba1\u201d\uff08\u9069\u7528\u65bc\u6c7d\u8eca\u3001\u6e2c\u91cf\u5100\u8868\u3001\u751f\u7522\u8a2d\u5099\u7b49\u76f8\u95dc\u9818\u57df\uff09\u3002<\/p>\r\n<dl>\r\n<dt>\u5c55\u6703\u540d\u7a31<\/dt>\r\n<dd>\u6f22\u8afe\u5a01\u5de5\u696d\u535a\u89bd\u6703<\/dd>\r\n<dt>\u65e5\u671f<\/dt>\r\n<dd>2018\u5e744\u670823\u65e5\uff08\u4e00\uff09~27\u65e5\uff08\u4e94\u200b\u200b\uff09<\/dd>\r\n<dt>\u958b\u5c55\u6642\u9593<\/dt>\r\n<dd>9\uff1a00~18\uff1a00<\/dd>\r\n<dt>\u5730\u9ede<\/dt>\r\n<dd>Hannover Exhibition Grounds\uff08\u5fb7\u570b\u6f22\u8afe\u5a01\uff09<\/dd>\r\n<dt>\u5c55\u4f4d<\/dt>\r\n<dd>Hall 005, Stand G08<\/dd>\r\n<\/dl>\r\n<\/div>\r\n<\/div>\r\n<\/section>\r\n\r\n -->\r\n<!-- \/.content_wrap -->\r\n\r\n\r\n<section class=\"content_wrap\">\r\n\t<div class=\"row\">\r\n\t\t<div class=\"movieBtn\"><img decoding=\"async\" src=\"\/assets\/images\/2025\/04\/bnr-movie-zh-tw.png\" alt=\"\"><\/div>\r\n\t\t<!-- \/.movieBtn -->\r\n\t<\/div>\r\n<\/section>\r\n<!-- \/.content_wrap -->\r\n\r\n<div class=\"movieModal\">\r\n\t<div class=\"tabWrap\">\r\n\t\t<div class=\"panelList\">\r\n\t\t\t<div class=\"panelList__item is-active\">\r\n\t\t\t\t<div class=\"panel\">\r\n\t\t\t\t\t<video class=\"vid_main1\" poster=\"\/assets\/images\/2025\/04\/movie_poster_corp.png\" src=\"\/assets\/images\/movie\/NK_movie_corp_EN.mp4\" controls loop playsinline><\/video>\r\n\t\t\t\t<\/div>\r\n\t\t\t\t<!-- \/.panel -->\r\n\t\t\t\t<div class=\"close close1\">\u00d7<\/div>\r\n\t\t\t<\/div>\r\n\t\t\t<div class=\"panelList__item\">\r\n\t\t\t\t<div class=\"panel\">\r\n\t\t\t\t\t<video class=\"vid_main2\" poster=\"\/assets\/images\/2025\/04\/movie_poster_itabashi.png\" src=\"\/assets\/images\/movie\/NK_movie_itabashi_EN.mp4\" controls loop playsinline><\/video>\r\n\t\t\t\t<\/div>\r\n\t\t\t\t<!-- \/.panel -->\r\n\t\t\t\t<div class=\"close close2\">\u00d7<\/div>\r\n\t\t\t<\/div>\r\n\t\t\t<div class=\"panelList__item\">\r\n\t\t\t\t<div class=\"panel\">\r\n\t\t\t\t\t<video class=\"vid_main3\" poster=\"\/assets\/images\/2025\/04\/movie_poster_fukushima.png\" src=\"\/assets\/images\/movie\/NK_movie_fukushima_EN.mp4\" controls loop playsinline><\/video>\r\n\t\t\t\t<\/div>\r\n\t\t\t\t<!-- \/.panel -->\r\n\t\t\t\t<div class=\"close close3\">\u00d7<\/div>\r\n\t\t\t<\/div>\r\n\t\t\t<div class=\"panelList__item\">\r\n\t\t\t\t<div class=\"panel\">\r\n\t\t\t\t\t<video class=\"vid_main4\" poster=\"\/assets\/images\/2025\/04\/movie_poster_gifu.png\" src=\"\/assets\/images\/movie\/NK_movie_gifu_EN.mp4\" controls loop playsinline><\/video>\r\n\t\t\t\t<\/div>\r\n\t\t\t\t<!-- \/.panel -->\r\n\t\t\t\t<div class=\"close close4\">\u00d7<\/div>\r\n\t\t\t<\/div>\r\n\t\t<\/div>\r\n\t\t<!-- \/.panelList -->\r\n\t\t<div class=\"tabList\">\r\n\t\t\t<div class=\"tabList__item is-active\">\r\n\t\t\t\t<div class=\"thumb\"><img decoding=\"async\" src=\"\/assets\/images\/2025\/04\/movie-cn1.jpg\" alt=\"\"><\/div>\r\n\t\t\t\t<!-- \/.thumb -->\r\n\t\t\t\t<div class=\"text\">\r\n\t\t\t\t\t<div class=\"title\">NIPPON KINZOKU About Us (English)<\/div>\r\n\t\t\t\t\t<!-- \/.title -->\r\n\t\t\t\t\t<div class=\"date\">5:07min &#8211; 85MB<\/div>\r\n\t\t\t\t\t<!-- \/.date -->\r\n\t\t\t\t<\/div>\r\n\t\t\t\t<!-- \/.text -->\r\n\t\t\t<\/div>\r\n\t\t\t<div class=\"tabList__item\">\r\n\t\t\t\t<div class=\"thumb\"><img decoding=\"async\" src=\"\/assets\/images\/2025\/04\/movie-cn4.jpg\" alt=\"\"><\/div>\r\n\t\t\t\t<!-- \/.thumb -->\r\n\t\t\t\t<div class=\"text\">\r\n\t\t\t\t\t<div class=\"title\">NIPPON KINZOKU Itabashi Plant<\/div>\r\n\t\t\t\t\t<!-- \/.title -->\r\n\t\t\t\t\t<div class=\"date\">7:33min &#8211; 92MB<\/div>\r\n\t\t\t\t\t<!-- \/.date -->\r\n\t\t\t\t<\/div>\r\n\t\t\t\t<!-- \/.text -->\r\n\t\t\t<\/div>\r\n\t\t\t<div class=\"tabList__item\">\r\n\t\t\t\t<div class=\"thumb\"><img decoding=\"async\" src=\"\/assets\/images\/2025\/04\/movie-cn2.jpg\" alt=\"\"><\/div>\r\n\t\t\t\t<!-- \/.thumb -->\r\n\t\t\t\t<div class=\"text\">\r\n\t\t\t\t\t<div class=\"title\">NIPPON KINZOKU Fukushima Plant<\/div>\r\n\t\t\t\t\t<!-- \/.title -->\r\n\t\t\t\t\t<div class=\"date\">3:49min &#8211; 49MB<\/div>\r\n\t\t\t\t\t<!-- \/.date -->\r\n\t\t\t\t<\/div>\r\n\t\t\t\t<!-- \/.text -->\r\n\t\t\t<\/div>\r\n\t\t\t<div class=\"tabList__item\">\r\n\t\t\t\t<div class=\"thumb\"><img decoding=\"async\" src=\"\/assets\/images\/2025\/04\/movie-cn3.jpg\" alt=\"\"><\/div>\r\n\t\t\t\t<!-- \/.thumb -->\r\n\t\t\t\t<div class=\"text\">\r\n\t\t\t\t\t<div class=\"title\">NIPPON KINZOKU Gifu Plant<\/div>\r\n\t\t\t\t\t<!-- \/.title -->\r\n\t\t\t\t\t<div class=\"date\">3:46min &#8211; 37MB<\/div>\r\n\t\t\t\t\t<!-- \/.date -->\r\n\t\t\t\t<\/div>\r\n\t\t\t\t<!-- \/.text -->\r\n\t\t\t<\/div>\r\n\t\t<\/div>\r\n\t<\/div>\r\n\t<!-- \/.tabWrap -->\r\n<\/div>\r\n<!-- \/.movieModal -->\r\n<div class=\"movieOverlay\"><\/div>\r\n<!-- \/.movieOverlay -->\r\n\r\n\r\n\r\n<section class=\"content_wrap\" id=\"about\">\r\n\t<div class=\"row\">\r\n\t\t<div class=\"col col12 read\">\r\n\t\t\t<h1 class=\"hdl1\">\u95dc\u65bc<\/h1>\r\n\t\t\t<h2 class=\"hdl_read\">\u65e5\u672c\u91d1\u5c6c\u63d0\u4f9b\u570b\u5167\u5916\u9ad8\u54c1\u8cea\u7684\u7522\u54c1<\/h2>\r\n\t\t\t<!-- \/.col12 -->\r\n\t\t\t<p>\u6211\u5011\u7684\u7406\u5ff5\u662f\u300c\u4e0d\u8d70\u5927\u8c61\u8d70\u7684\u8def(\u4e0d\u4e00\u6627\u5730\u8ffd\u6c42\u9ad8\u92b7\u552e\u91cf)\u300d\r\n\t\t\t\t<br \/>\u6211\u5011\u5c08\u7cbe\u65bc\u4e0d\u92b9\u92fc\u7cbe\u5bc6\u58d3\u5ef6\u53ca\u5176\u52a0\u5de5\u54c1\u7684\u696d\u52d9\u3001\r\n\t\t\t\t<br \/>\u529b\u6c42\u6eff\u8db3\u5ba2\u6236\u7684\u5404\u7a2e\u9700\u6c42\u3001\u8b39\u614e\u5730\u751f\u7522\u53ca\u4f9b\u61c9\u5ba2\u6236\u6bcf\u4e00\u500b\u7522\u54c1\u3002\r\n\t\t\t\t<br \/>\u901a\u904e\u6211\u5011\u52aa\u529b\u4e0d\u61c8\u7684\u5275\u65b0\u3001\u8b93\u5ba2\u6236\u59cb\u7d42\u90fd\u80fd\u5c0d\u6211\u5011\u7684\u7522\u54c1\u6536\u5230\u610f\u5916\u7684\u9a5a\u559c\u3002\r\n\t\t\t\t<br \/>\u540c\u6642\u7c4d\u7531\u6211\u5011\u7368\u7279\u4e14\u524d\u77bb\u6027\u7684\u5275\u65b0\u6280\u8853\u3001\u5f9e\u800c\u9a45\u52d5\u5ba2\u6236\u7684\u5275\u9020\u529b\u3002\r\n\t\t\t\t<br \/>\u901a\u904e\u6211\u5011\u4e0d\u65ad\u5411\u524d\u767c\u5c55\u7684\u9ad8\u6c34\u5e73\u6280\u8853\u3001\u70ba\u4e16\u754c\u63d0\u4f9b\u5f15\u4eba\u6ce8\u76ee\u548c\u6709\u5438\u5f15\u529b\u7684\u7522\u54c1\u3002\r\n\t\t\t<\/p>\r\n\t\t<\/div>\r\n\t\t<!-- \/.col col12 -->\r\n\t\t<div class=\"btn_wrap btn_center\">\r\n\t\t\t<a href=\"\/zh-TW\/corporate\" class=\"btn btn1\">\u516c\u53f8\u7c21\u4ecb<\/a>\r\n\t\t<\/div>\r\n\t\t<!-- \/.btnwrap -->\r\n\t<\/div>\r\n\t<!-- \/.row -->\r\n<\/section>\r\n<!-- \/.content_wrap -->\r\n<section class=\"content_wrap\" id=\"products\">\r\n\t<div class=\"row\">\r\n\t\t<div class=\"col col12\">\r\n\t\t\t<h1 class=\"hdl1\">\u7522\u54c1<\/h1>\r\n\t\t\t<h2 class=\"hdl_read\">\u65e5\u672c\u91d1\u5c6c\u63d0\u4f9b\u570b\u5167\u5916\u5404\u985e\u7522\u696d\u9ad8\u54c1\u8cea\u7684\u7522\u54c1<\/h2>\r\n\t\t\t<!-- \/.col12 -->\r\n\t\t<\/div>\r\n\t\t<ul class=\"servicelist cf\">\r\n\t\t\t<li class=\"col3 col sv1 same\">\r\n\t\t\t\t<img decoding=\"async\" src=\"\/assets\/images\/2015\/10\/top_servicelist1.jpg\" alt=\"\" \/>\r\n\t\t\t\t<h2>\u4e0d\u93fd\u92fc\u5e36<\/h2>\r\n\t\t\t\t<p>\u6211\u5011\u7684\u7522\u54c1\u5df2\u88ab\u5ee3\u6cdb\u61c9\u7528\u65bc\u7cbe\u5bc6\u52a0\u5de5\u3001\r\n\t\t\t\t\t<br \/>\u751a\u81f3\u5efa\u7bc9\u884c\u696d\u7b49\u5404\u9818\u57df\u3002\r\n\t\t\t\t<\/p>\r\n\t\t\t\t<ul>\r\n\t\t\t\t\t<li>\u51b7\u8ecb\u4e0d\u92b9\u92fc\u5e36<\/li>\r\n\t\t\t\t\t<li>\u51b7\u8ecb\u7279\u6b8a\u92fc\u5e36<\/li>\r\n\t\t\t\t<\/ul>\r\n\t\t\t<\/li>\r\n\t\t\t<li class=\"col3 col sv2 same\">\r\n\t\t\t\t<img decoding=\"async\" src=\"\/assets\/images\/2015\/10\/top_servicelist2.jpg\" alt=\"\" \/>\r\n\t\t\t\t<h2>\u4e0d\u93fd\u92fc\u52a0\u5de5\u54c1<\/h2>\r\n\t\t\t\t<p>\u6211\u5011\u7684\u7522\u54c1\u5df2\u7d93\u7528\u65bc\u5f9e\u7cbe\u5bc6\u9818\u57df\u5230\r\n\t\t\t\t\t<br \/>\u5efa\u7bc9\u884c\u696d\u7684\u4e00\u7cfb\u5217\u9818\u57df\r\n\t\t\t\t<\/p>\r\n\t\t\t\t<ul>\r\n\t\t\t\t\t<li>\u7cbe\u5bc6\u578b\u6750\u8ecb\u88fd\u92fc<\/li>\r\n\t\t\t\t\t<li>\u7cbe\u5bc6\u7ba1<\/li>\r\n\t\t\t\t\t<li>\u8f25\u6210\u578b<\/li>\r\n\t\t\t\t<\/ul>\r\n\t\t\t<\/li>\r\n\t\t\t<li class=\"col3 col sv3 same\">\r\n\t\t\t\t<img decoding=\"async\" src=\"\/assets\/images\/2015\/10\/top_servicelist3.jpg\" alt=\"\" \/>\r\n\t\t\t\t<h2>\u6975\u8584\u96fb\u78c1\u92fc\u5e36\u7522\u54c1<\/h2>\r\n\t\t\t\t<p>\u65e5\u672c\u91d1\u5c6c\u662f\u65e5\u672c\u552f\u4e00\u4e00\u5bb6\u751f\u7522\u548c\u92b7\u552e\u539a\u5ea6\u5c0f\u65bc0.1mm\u7684\u6975\u8584\u96fb\u78c1\u92fc\u5377\u7684\u516c\u53f8\u3002<\/p>\r\n\t\t\t\t<ul>\r\n\t\t\t\t\t<li>\u6975\u8584\u6676\u7c92\u53d6\u5411\u96fb\u78c1\u92fc\u5e36<\/li>\r\n\t\t\t\t\t<li>\u6975\u8584\u975e\u6676\u7c92\u53d6\u5411\u96fb\u78c1\u92fc\u5e36<\/li>\r\n\t\t\t\t\t<li>\u7e5e\u7dda\u9435\u82af\/\u96fb\u6297\u5668\u7b49<\/li>\r\n\t\t\t\t<\/ul>\r\n\t\t\t<\/li>\r\n\t\t\t<li class=\"col3 col sv4 same\">\r\n\t\t\t\t<img decoding=\"async\" src=\"\/assets\/images\/2015\/10\/top_servicelist4.jpg\" alt=\"\" \/>\r\n\t\t\t\t<h2>\u9382\u5408\u91d1<\/h2>\r\n\t\t\t\t<p>\u6211\u5011\u63d0\u4f9b\u8f15\u8584\u4e14\u8868\u9762\u7f8e\u89c0\u7684\u9382\u5408\u91d1\u8ecb\u88fd\u6750\u6599\u3002<\/p>\r\n\t\t\t\t<ul>\r\n\t\t\t\t\t<li>\u9382\u5408\u91d1\u7b94<\/li>\r\n\t\t\t\t<\/ul>\r\n\t\t\t<\/li>\r\n\t\t<\/ul>\r\n\t<\/div>\r\n<\/section>\r\n<section class=\"content_wrap mb0\" id=\"inquiry\">\r\n\t<div class=\"row\">\r\n\t\t<div class=\"col col12 inquiry_wrap\">\r\n\t\t\t<h1 class=\"hdl1\">\u6d3d\u8a62<\/h1>\r\n\t\t\t<p class=\"txc\">\u5982\u6709\u4efb\u4f55\u6d3d\u8a62\u3001\u8acb\u586b\u5beb\u4ee5\u4e0b\u8868\u683c<\/p>\r\n\t\t<\/div>\r\n\t<\/div>\r\n\t<div class=\"btn_wrap inquiry_btn\">\r\n\t\t<a href=\"\/zh-TW\/inquiry\" class=\"btn btn1\">\u6d3d\u8a62\u8868\u683c<\/a>\r\n\t<\/div>\r\n\t<!-- \/.btnwrap -->\r\n<\/section>\r\n<script>\/\/ <![CDATA[\r\n$(function() {\r\n\t\t$('.zh-TW .cotentnavi ul li a').click(function() {\r\n\t\t\tvar speed = 800;\r\n\t\t\tvar winW = $(window).width();\r\n\t\t\tvar speed = 800;\r\n\t\t\tvar href = $(this).attr(\"href\");\r\n\t\t\tvar target = $(href == \"#\" || href == \"\" ? 'html' : href);\r\n\t\t\tif (winW < 660) {\r\n\t\t\t\tvar position = target.offset().top - 70;\r\n\t\t\t} else {\r\n\t\t\t\tvar position = target.offset().top - 80;\r\n\t\t\t}\r\n\t\t\t$('body,html').animate({\r\n\t\t\t\tscrollTop: position\r\n\t\t\t}, speed, 'easeOutQuad');\r\n\t\t\treturn false;\r\n\t\t});\r\n\t});\r\n\/\/ ]]><\/script>","protected":false},"excerpt":{"rendered":"\u95dc\u65bc \u7522\u54c1 \u6d3d\u8a62\u8868\u683c \u00d7 \u00d7 \u00d7 \u00d7 NIPPON KINZOKU About Us (English) 5:07min &#8211; 85MB NIPPON KINZOKU Itabashi Plant 7:33mi","protected":false},"author":20,"featured_media":0,"parent":0,"menu_order":57,"comment_status":"closed","ping_status":"closed","template":"page-templates\/top_cn.php","meta":{"_acf_changed":false,"_locale":"zh_TW","_original_post":"2","footnotes":""},"class_list":["post-4465","page","type-page","status-publish","hentry","zh-TW"],"acf":[],"yoast_head":"<!-- This site is optimized with the Yoast SEO plugin v27.3 - https:\/\/yoast.com\/product\/yoast-seo-wordpress\/ -->\n<title>\u65e5\u672c\u91d1\u5c6c<\/title>\n<meta name=\"description\" content=\"\u95dc\u65bc \u7522\u54c1 \u6d3d\u8a62\u8868\u683c \u00d7 \u00d7 \u00d7 \u00d7 NIPPON KINZOKU About Us (English) 5:07min - 85MB NIPPON KINZOKU Itabashi Plant 7:33min - 92MB NIPPON KINZOKU Fukushima Plant 3:49min -\" \/>\n<meta name=\"robots\" content=\"index, follow, max-snippet:-1, max-image-preview:large, max-video-preview:-1\" \/>\n<link rel=\"canonical\" href=\"https:\/\/www.nipponkinzoku.co.jp\/zh-TW\/\" \/>\n<meta property=\"og:locale\" content=\"zh_TW\" \/>\n<meta property=\"og:type\" content=\"article\" \/>\n<meta property=\"og:title\" content=\"\u65e5\u672c\u91d1\u5c6c\" \/>\n<meta property=\"og:description\" content=\"\u95dc\u65bc \u7522\u54c1 \u6d3d\u8a62\u8868\u683c \u00d7 \u00d7 \u00d7 \u00d7 NIPPON KINZOKU About Us (English) 5:07min - 85MB NIPPON KINZOKU Itabashi Plant 7:33min - 92MB NIPPON KINZOKU Fukushima Plant 3:49min -\" \/>\n<meta property=\"og:url\" content=\"https:\/\/www.nipponkinzoku.co.jp\/zh-TW\/\" \/>\n<meta property=\"og:site_name\" content=\"\u65e5\u672c\u91d1\u5c5e\u682a\u5f0f\u4f1a\u793e\" \/>\n<meta property=\"article:modified_time\" content=\"2025-04-10T05:41:07+00:00\" \/>\n<meta property=\"og:image\" content=\"https:\/\/www.nipponkinzoku.co.jp\/assets\/images\/2020\/11\/nipponkinzoku_ogp.png\" \/>\n\t<meta property=\"og:image:width\" content=\"1200\" \/>\n\t<meta property=\"og:image:height\" content=\"630\" \/>\n\t<meta property=\"og:image:type\" content=\"image\/png\" \/>\n<meta name=\"twitter:card\" content=\"summary_large_image\" \/>\n<meta name=\"twitter:label1\" content=\"\u9810\u4f30\u95b1\u8b80\u6642\u9593\" \/>\n\t<meta name=\"twitter:data1\" content=\"6 \u5206\u9418\" \/>\n<script type=\"application\/ld+json\" class=\"yoast-schema-graph\">{\"@context\":\"https:\\\/\\\/schema.org\",\"@graph\":[{\"@type\":\"WebPage\",\"@id\":\"https:\\\/\\\/www.nipponkinzoku.co.jp\\\/zh-TW\\\/\",\"url\":\"https:\\\/\\\/www.nipponkinzoku.co.jp\\\/zh-TW\\\/\",\"name\":\"\u65e5\u672c\u91d1\u5c6c\",\"isPartOf\":{\"@id\":\"https:\\\/\\\/www.nipponkinzoku.co.jp\\\/#website\"},\"datePublished\":\"2017-03-31T08:56:25+00:00\",\"dateModified\":\"2025-04-10T05:41:07+00:00\",\"description\":\"\u95dc\u65bc \u7522\u54c1 \u6d3d\u8a62\u8868\u683c \u00d7 \u00d7 \u00d7 \u00d7 NIPPON KINZOKU About Us (English) 5:07min - 85MB NIPPON KINZOKU Itabashi Plant 7:33min - 92MB NIPPON KINZOKU Fukushima Plant 3:49min -\",\"breadcrumb\":{\"@id\":\"https:\\\/\\\/www.nipponkinzoku.co.jp\\\/zh-TW\\\/#breadcrumb\"},\"inLanguage\":\"zh-TW\",\"potentialAction\":[{\"@type\":\"ReadAction\",\"target\":[\"https:\\\/\\\/www.nipponkinzoku.co.jp\\\/zh-TW\\\/\"]}]},{\"@type\":\"BreadcrumbList\",\"@id\":\"https:\\\/\\\/www.nipponkinzoku.co.jp\\\/zh-TW\\\/#breadcrumb\",\"itemListElement\":[{\"@type\":\"ListItem\",\"position\":1,\"name\":\"TOP\",\"item\":\"https:\\\/\\\/www.nipponkinzoku.co.jp\\\/zh-TW\\\/\"},{\"@type\":\"ListItem\",\"position\":2,\"name\":\"\u30c8\u30c3\u30d7\u30da\u30fc\u30b8\uff08\u7e41\u4f53\u5b57\uff09\"}]},{\"@type\":\"WebSite\",\"@id\":\"https:\\\/\\\/www.nipponkinzoku.co.jp\\\/#website\",\"url\":\"https:\\\/\\\/www.nipponkinzoku.co.jp\\\/\",\"name\":\"\u65e5\u672c\u91d1\u5c5e\u682a\u5f0f\u4f1a\u793e\",\"description\":\"\u30b9\u30c6\u30f3\u30ec\u30b9\u7cbe\u5bc6\u5727\u5ef6\u30fb\u52a0\u5de5\u30e1\u30fc\u30ab\u30fc\",\"publisher\":{\"@id\":\"https:\\\/\\\/www.nipponkinzoku.co.jp\\\/#organization\"},\"potentialAction\":[{\"@type\":\"SearchAction\",\"target\":{\"@type\":\"EntryPoint\",\"urlTemplate\":\"https:\\\/\\\/www.nipponkinzoku.co.jp\\\/?s={search_term_string}\"},\"query-input\":{\"@type\":\"PropertyValueSpecification\",\"valueRequired\":true,\"valueName\":\"search_term_string\"}}],\"inLanguage\":\"zh-TW\"},{\"@type\":\"Organization\",\"@id\":\"https:\\\/\\\/www.nipponkinzoku.co.jp\\\/#organization\",\"name\":\"\u65e5\u672c\u91d1\u5c5e\u682a\u5f0f\u4f1a\u793e\",\"url\":\"https:\\\/\\\/www.nipponkinzoku.co.jp\\\/\",\"logo\":{\"@type\":\"ImageObject\",\"inLanguage\":\"zh-TW\",\"@id\":\"https:\\\/\\\/www.nipponkinzoku.co.jp\\\/#\\\/schema\\\/logo\\\/image\\\/\",\"url\":\"https:\\\/\\\/www.nipponkinzoku.co.jp\\\/assets\\\/images\\\/2020\\\/11\\\/nipponkinzoku_ogp.png\",\"contentUrl\":\"https:\\\/\\\/www.nipponkinzoku.co.jp\\\/assets\\\/images\\\/2020\\\/11\\\/nipponkinzoku_ogp.png\",\"width\":1200,\"height\":630,\"caption\":\"\u65e5\u672c\u91d1\u5c5e\u682a\u5f0f\u4f1a\u793e\"},\"image\":{\"@id\":\"https:\\\/\\\/www.nipponkinzoku.co.jp\\\/#\\\/schema\\\/logo\\\/image\\\/\"}}]}<\/script>\n<!-- \/ Yoast SEO plugin. -->","yoast_head_json":{"title":"\u65e5\u672c\u91d1\u5c6c","description":"\u95dc\u65bc \u7522\u54c1 \u6d3d\u8a62\u8868\u683c \u00d7 \u00d7 \u00d7 \u00d7 NIPPON KINZOKU About Us (English) 5:07min - 85MB NIPPON KINZOKU Itabashi Plant 7:33min - 92MB NIPPON KINZOKU Fukushima Plant 3:49min -","robots":{"index":"index","follow":"follow","max-snippet":"max-snippet:-1","max-image-preview":"max-image-preview:large","max-video-preview":"max-video-preview:-1"},"canonical":"https:\/\/www.nipponkinzoku.co.jp\/zh-TW\/","og_locale":"zh_TW","og_type":"article","og_title":"\u65e5\u672c\u91d1\u5c6c","og_description":"\u95dc\u65bc \u7522\u54c1 \u6d3d\u8a62\u8868\u683c \u00d7 \u00d7 \u00d7 \u00d7 NIPPON KINZOKU About Us (English) 5:07min - 85MB NIPPON KINZOKU Itabashi Plant 7:33min - 92MB NIPPON KINZOKU Fukushima Plant 3:49min -","og_url":"https:\/\/www.nipponkinzoku.co.jp\/zh-TW\/","og_site_name":"\u65e5\u672c\u91d1\u5c5e\u682a\u5f0f\u4f1a\u793e","article_modified_time":"2025-04-10T05:41:07+00:00","og_image":[{"width":1200,"height":630,"url":"https:\/\/www.nipponkinzoku.co.jp\/assets\/images\/2020\/11\/nipponkinzoku_ogp.png","type":"image\/png"}],"twitter_card":"summary_large_image","twitter_misc":{"\u9810\u4f30\u95b1\u8b80\u6642\u9593":"6 \u5206\u9418"},"schema":{"@context":"https:\/\/schema.org","@graph":[{"@type":"WebPage","@id":"https:\/\/www.nipponkinzoku.co.jp\/zh-TW\/","url":"https:\/\/www.nipponkinzoku.co.jp\/zh-TW\/","name":"\u65e5\u672c\u91d1\u5c6c","isPartOf":{"@id":"https:\/\/www.nipponkinzoku.co.jp\/#website"},"datePublished":"2017-03-31T08:56:25+00:00","dateModified":"2025-04-10T05:41:07+00:00","description":"\u95dc\u65bc \u7522\u54c1 \u6d3d\u8a62\u8868\u683c \u00d7 \u00d7 \u00d7 \u00d7 NIPPON KINZOKU About Us (English) 5:07min - 85MB NIPPON KINZOKU Itabashi Plant 7:33min - 92MB NIPPON KINZOKU Fukushima Plant 3:49min -","breadcrumb":{"@id":"https:\/\/www.nipponkinzoku.co.jp\/zh-TW\/#breadcrumb"},"inLanguage":"zh-TW","potentialAction":[{"@type":"ReadAction","target":["https:\/\/www.nipponkinzoku.co.jp\/zh-TW\/"]}]},{"@type":"BreadcrumbList","@id":"https:\/\/www.nipponkinzoku.co.jp\/zh-TW\/#breadcrumb","itemListElement":[{"@type":"ListItem","position":1,"name":"TOP","item":"https:\/\/www.nipponkinzoku.co.jp\/zh-TW\/"},{"@type":"ListItem","position":2,"name":"\u30c8\u30c3\u30d7\u30da\u30fc\u30b8\uff08\u7e41\u4f53\u5b57\uff09"}]},{"@type":"WebSite","@id":"https:\/\/www.nipponkinzoku.co.jp\/#website","url":"https:\/\/www.nipponkinzoku.co.jp\/","name":"\u65e5\u672c\u91d1\u5c5e\u682a\u5f0f\u4f1a\u793e","description":"\u30b9\u30c6\u30f3\u30ec\u30b9\u7cbe\u5bc6\u5727\u5ef6\u30fb\u52a0\u5de5\u30e1\u30fc\u30ab\u30fc","publisher":{"@id":"https:\/\/www.nipponkinzoku.co.jp\/#organization"},"potentialAction":[{"@type":"SearchAction","target":{"@type":"EntryPoint","urlTemplate":"https:\/\/www.nipponkinzoku.co.jp\/?s={search_term_string}"},"query-input":{"@type":"PropertyValueSpecification","valueRequired":true,"valueName":"search_term_string"}}],"inLanguage":"zh-TW"},{"@type":"Organization","@id":"https:\/\/www.nipponkinzoku.co.jp\/#organization","name":"\u65e5\u672c\u91d1\u5c5e\u682a\u5f0f\u4f1a\u793e","url":"https:\/\/www.nipponkinzoku.co.jp\/","logo":{"@type":"ImageObject","inLanguage":"zh-TW","@id":"https:\/\/www.nipponkinzoku.co.jp\/#\/schema\/logo\/image\/","url":"https:\/\/www.nipponkinzoku.co.jp\/assets\/images\/2020\/11\/nipponkinzoku_ogp.png","contentUrl":"https:\/\/www.nipponkinzoku.co.jp\/assets\/images\/2020\/11\/nipponkinzoku_ogp.png","width":1200,"height":630,"caption":"\u65e5\u672c\u91d1\u5c5e\u682a\u5f0f\u4f1a\u793e"},"image":{"@id":"https:\/\/www.nipponkinzoku.co.jp\/#\/schema\/logo\/image\/"}}]}},"_links":{"self":[{"href":"https:\/\/www.nipponkinzoku.co.jp\/wp-json\/wp\/v2\/pages\/4465","targetHints":{"allow":["GET"]}}],"collection":[{"href":"https:\/\/www.nipponkinzoku.co.jp\/wp-json\/wp\/v2\/pages"}],"about":[{"href":"https:\/\/www.nipponkinzoku.co.jp\/wp-json\/wp\/v2\/types\/page"}],"author":[{"embeddable":true,"href":"https:\/\/www.nipponkinzoku.co.jp\/wp-json\/wp\/v2\/users\/20"}],"replies":[{"embeddable":true,"href":"https:\/\/www.nipponkinzoku.co.jp\/wp-json\/wp\/v2\/comments?post=4465"}],"version-history":[{"count":25,"href":"https:\/\/www.nipponkinzoku.co.jp\/wp-json\/wp\/v2\/pages\/4465\/revisions"}],"predecessor-version":[{"id":22803,"href":"https:\/\/www.nipponkinzoku.co.jp\/wp-json\/wp\/v2\/pages\/4465\/revisions\/22803"}],"wp:attachment":[{"href":"https:\/\/www.nipponkinzoku.co.jp\/wp-json\/wp\/v2\/media?parent=4465"}],"curies":[{"name":"wp","href":"https:\/\/api.w.org\/{rel}","templated":true}]}}